{"id":44,"date":"2025-09-24T22:00:02","date_gmt":"2025-09-25T01:00:02","guid":{"rendered":"https:\/\/nomadespace.cl\/?page_id=44"},"modified":"2026-02-17T10:50:05","modified_gmt":"2026-02-17T13:50:05","slug":"sitiodeprueba","status":"publish","type":"page","link":"https:\/\/nomadespace.cl\/","title":{"rendered":"sitiodeprueba"},"content":{"rendered":"<p>[et_pb_section fb_built=&#8221;1&#8243; _builder_version=&#8221;4.26.0&#8243; _module_preset=&#8221;default&#8221; background_color=&#8221;RGBA(255,255,255,0)&#8221; background_image=&#8221;https:\/\/nomadespace.cl\/wp-content\/uploads\/2025\/10\/Artboard-1-copy-3-2-scaled.png&#8221; background_size=&#8221;stretch&#8221; positioning=&#8221;none&#8221; z_index=&#8221;500&#8243; max_width_tablet=&#8221;&#8221; max_width_phone=&#8221;&#8221; max_width_last_edited=&#8221;on|phone&#8221; height_tablet=&#8221;&#8221; height_phone=&#8221;388px&#8221; height_last_edited=&#8221;on|phone&#8221; custom_margin=&#8221;||0px|||&#8221; custom_padding=&#8221;25px||17px|||&#8221; sticky_position=&#8221;top&#8221; sticky_position_tablet=&#8221;top&#8221; sticky_position_phone=&#8221;none&#8221; sticky_position_last_edited=&#8221;on|phone&#8221; global_colors_info=&#8221;{}&#8221;][et_pb_row column_structure=&#8221;1_3,1_3,1_3&#8243; _builder_version=&#8221;4.26.0&#8243; _module_preset=&#8221;default&#8221; custom_padding=&#8221;12px|||||&#8221; global_colors_info=&#8221;{}&#8221;][et_pb_column type=&#8221;1_3&#8243; _builder_version=&#8221;4.26.0&#8243; _module_preset=&#8221;default&#8221; global_colors_info=&#8221;{}&#8221;][\/et_pb_column][et_pb_column type=&#8221;1_3&#8243; _builder_version=&#8221;4.26.0&#8243; _module_preset=&#8221;default&#8221; global_colors_info=&#8221;{}&#8221;][et_pb_image src=&#8221;https:\/\/nomadespace.cl\/wp-content\/uploads\/2025\/10\/BrowserPreview_tmp.gif&#8221; title_text=&#8221;BrowserPreview_tmp&#8221; url=&#8221;#header&#8221; src_tablet=&#8221;https:\/\/nomadespace.cl\/wp-content\/uploads\/2025\/10\/Artboard-1-copy-3.png&#8221; src_phone=&#8221;https:\/\/nomadespace.cl\/wp-content\/uploads\/2025\/08\/Artboard-1-copy.png&#8221; src_last_edited=&#8221;on|phone&#8221; _builder_version=&#8221;4.26.0&#8243; _module_preset=&#8221;default&#8221; max_width_tablet=&#8221;&#8221; max_width_phone=&#8221;54%&#8221; max_width_last_edited=&#8221;on|phone&#8221; module_alignment_tablet=&#8221;&#8221; module_alignment_phone=&#8221;center&#8221; module_alignment_last_edited=&#8221;on|phone&#8221; global_colors_info=&#8221;{}&#8221;][\/et_pb_image][\/et_pb_column][et_pb_column type=&#8221;1_3&#8243; _builder_version=&#8221;4.26.0&#8243; _module_preset=&#8221;default&#8221; global_colors_info=&#8221;{}&#8221;][et_pb_button button_url=&#8221;https:\/\/wa.me\/56979769874&#8243; button_text=&#8221;Hablemos!&#8221; button_alignment=&#8221;center&#8221; _builder_version=&#8221;4.26.0&#8243; _module_preset=&#8221;default&#8221; custom_button=&#8221;on&#8221; button_text_color=&#8221;#264245&#8243; button_border_radius=&#8221;100px&#8221; button_font=&#8221;|700|||||||&#8221; button_icon=&#8221;&#xf232;||fa||400&#8243; custom_margin=&#8221;35px|||||&#8221; custom_margin_tablet=&#8221;35px|||||&#8221; custom_margin_phone=&#8221;-9px||||false|false&#8221; custom_margin_last_edited=&#8221;on|phone&#8221; global_colors_info=&#8221;{}&#8221;][\/et_pb_button][\/et_pb_column][\/et_pb_row][\/et_pb_section][et_pb_section fb_built=&#8221;1&#8243; module_id=&#8221;header&#8221; _builder_version=&#8221;4.26.0&#8243; _module_preset=&#8221;default&#8221; background_video_mp4=&#8221;https:\/\/nomadespace.cl\/subidas\/nomadespace_videowallOP.mp4&#8243; module_alignment=&#8221;center&#8221; height=&#8221;290px&#8221; custom_margin=&#8221;-44px||||false|false&#8221; global_colors_info=&#8221;{}&#8221;][et_pb_row _builder_version=&#8221;4.26.0&#8243; _module_preset=&#8221;default&#8221; global_colors_info=&#8221;{}&#8221;][et_pb_column type=&#8221;4_4&#8243; _builder_version=&#8221;4.26.0&#8243; _module_preset=&#8221;default&#8221; global_colors_info=&#8221;{}&#8221;][et_pb_text _builder_version=&#8221;4.26.0&#8243; _module_preset=&#8221;default&#8221; custom_margin=&#8221;56px|||||&#8221; inline_fonts=&#8221;Abel&#8221; global_colors_info=&#8221;{}&#8221;]<\/p>\n<h1 style=\"text-align: center;\"><span style=\"color: #ffffff; font-size: xx-large; font-family: inherit; font-weight: normal;\"><b>M\u00f3dulos que transforman espacios<\/b><\/span><\/h1>\n<p>[\/et_pb_text][\/et_pb_column][\/et_pb_row][\/et_pb_section][et_pb_section fb_built=&#8221;1&#8243; _builder_version=&#8221;4.26.0&#8243; _module_preset=&#8221;default&#8221; custom_margin=&#8221;-12px|||||&#8221; custom_padding=&#8221;||0px|||&#8221; global_colors_info=&#8221;{}&#8221;][et_pb_row _builder_version=&#8221;4.26.0&#8243; _module_preset=&#8221;default&#8221; custom_margin=&#8221;-29px|auto||auto||&#8221; global_colors_info=&#8221;{}&#8221;][et_pb_column type=&#8221;4_4&#8243; _builder_version=&#8221;4.26.0&#8243; _module_preset=&#8221;default&#8221; global_colors_info=&#8221;{}&#8221;][et_pb_text _builder_version=&#8221;4.26.0&#8243; _module_preset=&#8221;default&#8221; global_colors_info=&#8221;{}&#8221;]<\/p>\n<p style=\"text-align: center;\"><span style=\"font-weight: 400; font-size: large;\">Dise\u00f1amos, fabricamos e instalamos m\u00f3dulos vers\u00e1tiles \u2014como nuestros innovadores bunkers deportivos\u2014 para<strong> transformar espacios existentes en zonas de alto rendimiento, bienestar y desarrollo social<\/strong>. <\/span><\/p>\n<p style=\"text-align: center;\"><span style=\"font-weight: 400; font-size: medium; color: #808080;\">&#8220;<em>Democratizamos el acceso a instalaciones de primer nivel, llevando la calidad y funcionalidad de la infraestructura profesional a cualquier lugar&#8221;.<\/em><\/span><\/p>\n<p>[\/et_pb_text][\/et_pb_column][\/et_pb_row][et_pb_row _builder_version=&#8221;4.26.0&#8243; _module_preset=&#8221;default&#8221; global_colors_info=&#8221;{}&#8221;][et_pb_column type=&#8221;4_4&#8243; _builder_version=&#8221;4.26.0&#8243; _module_preset=&#8221;default&#8221; global_colors_info=&#8221;{}&#8221;][et_pb_text _builder_version=&#8221;4.26.0&#8243; _module_preset=&#8221;default&#8221; global_colors_info=&#8221;{}&#8221;]<\/p>\n<h1 style=\"text-align: center;\"><span style=\"color: #000000;\">Aplicaciones destacadas<\/span><\/h1>\n<p>[\/et_pb_text][\/et_pb_column][\/et_pb_row][et_pb_row column_structure=&#8221;1_4,1_4,1_4,1_4&#8243; _builder_version=&#8221;4.26.0&#8243; _module_preset=&#8221;default&#8221; global_colors_info=&#8221;{}&#8221;][et_pb_column type=&#8221;1_4&#8243; _builder_version=&#8221;4.26.0&#8243; _module_preset=&#8221;default&#8221; global_colors_info=&#8221;{}&#8221;][et_pb_image src=&#8221;https:\/\/nomadespace.cl\/wp-content\/uploads\/2025\/10\/Artboard-1-1.png&#8221; title_text=&#8221;Artboard 1&#8243; url=&#8221;@ET-DC@eyJkeW5hbWljIjp0cnVlLCJjb250ZW50IjoicG9zdF9saW5rX3VybF9wYWdlIiwic2V0dGluZ3MiOnsicG9zdF9pZCI6IjMyMyJ9fQ==@&#8221; align=&#8221;center&#8221; _builder_version=&#8221;4.26.0&#8243; _dynamic_attributes=&#8221;url&#8221; _module_preset=&#8221;default&#8221; background_enable_video_mp4=&#8221;off&#8221; global_colors_info=&#8221;{}&#8221; src__hover_enabled=&#8221;on|hover&#8221; src__hover=&#8221;https:\/\/www.nomadespace.cl\/subidas\/00%20bunkersdeport.gif&#8221;][\/et_pb_image][\/et_pb_column][et_pb_column type=&#8221;1_4&#8243; _builder_version=&#8221;4.26.0&#8243; _module_preset=&#8221;default&#8221; global_colors_info=&#8221;{}&#8221;][et_pb_image src=&#8221;https:\/\/nomadespace.cl\/wp-content\/uploads\/2025\/10\/Artboard-1-copy-2-1.png&#8221; title_text=&#8221;01 espaciossalud&#8221; align=&#8221;center&#8221; _builder_version=&#8221;4.26.0&#8243; _module_preset=&#8221;default&#8221; global_colors_info=&#8221;{}&#8221; src__hover_enabled=&#8221;on|hover&#8221; src__hover=&#8221;https:\/\/www.nomadespace.cl\/subidas\/01%20espaciossalud.gif&#8221;][\/et_pb_image][\/et_pb_column][et_pb_column type=&#8221;1_4&#8243; _builder_version=&#8221;4.26.0&#8243; _module_preset=&#8221;default&#8221; global_colors_info=&#8221;{}&#8221;][et_pb_image src=&#8221;https:\/\/nomadespace.cl\/wp-content\/uploads\/2025\/10\/Artboard-1-copy-4-1.png&#8221; title_text=&#8221;02 modulosinclusion&#8221; align=&#8221;center&#8221; _builder_version=&#8221;4.26.0&#8243; _module_preset=&#8221;default&#8221; global_colors_info=&#8221;{}&#8221; src__hover_enabled=&#8221;on|hover&#8221; src__hover=&#8221;https:\/\/www.nomadespace.cl\/subidas\/02%20modulosinclusion.gif&#8221;][\/et_pb_image][\/et_pb_column][et_pb_column type=&#8221;1_4&#8243; _builder_version=&#8221;4.26.0&#8243; _module_preset=&#8221;default&#8221; global_colors_info=&#8221;{}&#8221;][et_pb_image src=&#8221;https:\/\/nomadespace.cl\/wp-content\/uploads\/2025\/10\/Artboard-1-copy-6-1.png&#8221; title_text=&#8221;03 multiproposito&#8221; align=&#8221;center&#8221; _builder_version=&#8221;4.26.0&#8243; _module_preset=&#8221;default&#8221; global_colors_info=&#8221;{}&#8221; src__hover_enabled=&#8221;on|hover&#8221; src__hover=&#8221;https:\/\/www.nomadespace.cl\/subidas\/03%20multiproposito.gif&#8221;][\/et_pb_image][\/et_pb_column][\/et_pb_row][et_pb_row _builder_version=&#8221;4.26.0&#8243; _module_preset=&#8221;default&#8221; custom_padding=&#8221;0px||34px|||&#8221; global_colors_info=&#8221;{}&#8221;][et_pb_column type=&#8221;4_4&#8243; _builder_version=&#8221;4.26.0&#8243; _module_preset=&#8221;default&#8221; global_colors_info=&#8221;{}&#8221;][et_pb_button button_url=&#8221;#&#8221; button_text=&#8221;ver m\u00e1s&#8221; button_alignment=&#8221;center&#8221; _builder_version=&#8221;4.26.0&#8243; _module_preset=&#8221;default&#8221; custom_button=&#8221;on&#8221; button_text_color=&#8221;#264245&#8243; button_border_radius=&#8221;100px&#8221; button_font=&#8221;|700|||||||&#8221; button_icon=&#8221;&#xf1ae;||fa||900&#8243; custom_margin=&#8221;35px|||||&#8221; global_colors_info=&#8221;{}&#8221;][\/et_pb_button][\/et_pb_column][\/et_pb_row][\/et_pb_section][et_pb_section fb_built=&#8221;1&#8243; _builder_version=&#8221;4.26.0&#8243; _module_preset=&#8221;default&#8221; global_colors_info=&#8221;{}&#8221;][et_pb_row _builder_version=&#8221;4.26.0&#8243; _module_preset=&#8221;default&#8221; global_colors_info=&#8221;{}&#8221;][et_pb_column type=&#8221;4_4&#8243; _builder_version=&#8221;4.26.0&#8243; _module_preset=&#8221;default&#8221; global_colors_info=&#8221;{}&#8221;][et_pb_text _builder_version=&#8221;4.26.0&#8243; _module_preset=&#8221;default&#8221; global_colors_info=&#8221;{}&#8221;]<\/p>\n<h1 style=\"text-align: center;\">Nuestro modelo de trabajo<\/h1>\n<p>[\/et_pb_text][\/et_pb_column][\/et_pb_row][et_pb_row column_structure=&#8221;1_3,1_3,1_3&#8243; _builder_version=&#8221;4.26.0&#8243; _module_preset=&#8221;default&#8221; custom_margin=&#8221;|auto|1px|auto||&#8221; global_colors_info=&#8221;{}&#8221;][et_pb_column type=&#8221;1_3&#8243; _builder_version=&#8221;4.26.0&#8243; _module_preset=&#8221;default&#8221; global_colors_info=&#8221;{}&#8221;][et_pb_image src=&#8221;https:\/\/nomadespace.cl\/wp-content\/uploads\/2025\/10\/grua.gif&#8221; title_text=&#8221;grua&#8221; _builder_version=&#8221;4.26.0&#8243; _module_preset=&#8221;default&#8221; width=&#8221;40%&#8221; width_tablet=&#8221;40%&#8221; width_phone=&#8221;50%&#8221; width_last_edited=&#8221;on|phone&#8221; module_alignment=&#8221;center&#8221; filter_hue_rotate=&#8221;215deg&#8221; global_colors_info=&#8221;{}&#8221;][\/et_pb_image][et_pb_text _builder_version=&#8221;4.26.0&#8243; _module_preset=&#8221;default&#8221; global_colors_info=&#8221;{}&#8221;]<\/p>\n<h3><span style=\"font-weight: 400;\"><strong>Integraci\u00f3n en instalaciones existentes<\/strong><\/span><\/h3>\n<p><span style=\"font-weight: 400;\">\u00a0Llevamos nuestros m\u00f3dulos a <strong>colegios, clubes deportivos, universidades, empresas o centros comunitarios<\/strong>.<\/span><\/p>\n<p>[\/et_pb_text][\/et_pb_column][et_pb_column type=&#8221;1_3&#8243; _builder_version=&#8221;4.26.0&#8243; _module_preset=&#8221;default&#8221; global_colors_info=&#8221;{}&#8221;][et_pb_image src=&#8221;https:\/\/nomadespace.cl\/wp-content\/uploads\/2025\/10\/trato.gif&#8221; title_text=&#8221;trato&#8221; _builder_version=&#8221;4.26.0&#8243; _module_preset=&#8221;default&#8221; width=&#8221;40%&#8221; width_tablet=&#8221;40%&#8221; width_phone=&#8221;50%&#8221; width_last_edited=&#8221;on|phone&#8221; module_alignment=&#8221;center&#8221; filter_hue_rotate=&#8221;215deg&#8221; global_colors_info=&#8221;{}&#8221;][\/et_pb_image][et_pb_text _builder_version=&#8221;4.26.0&#8243; _module_preset=&#8221;default&#8221; global_colors_info=&#8221;{}&#8221;]<\/p>\n<h3><span style=\"font-weight: 400;\"><strong>Alianzas p\u00fablico-privadas<\/strong><\/span><\/h3>\n<h3><span style=\"font-size: 14px; color: #666666;\">\u00a0Trabajamos con municipios, ministerios y empresas para <strong>generar impacto social<\/strong> y potenciar comunidades.<\/span><\/h3>\n<p>[\/et_pb_text][\/et_pb_column][et_pb_column type=&#8221;1_3&#8243; _builder_version=&#8221;4.26.0&#8243; _module_preset=&#8221;default&#8221; global_colors_info=&#8221;{}&#8221;][et_pb_image src=&#8221;https:\/\/nomadespace.cl\/wp-content\/uploads\/2025\/10\/estrategia.gif&#8221; title_text=&#8221;estrategia&#8221; align=&#8221;center&#8221; _builder_version=&#8221;4.26.0&#8243; _module_preset=&#8221;default&#8221; width=&#8221;40%&#8221; width_tablet=&#8221;40%&#8221; width_phone=&#8221;50%&#8221; width_last_edited=&#8221;on|phone&#8221; filter_hue_rotate=&#8221;215deg&#8221; global_colors_info=&#8221;{}&#8221;][\/et_pb_image][et_pb_text _builder_version=&#8221;4.26.0&#8243; _module_preset=&#8221;default&#8221; global_colors_info=&#8221;{}&#8221;]<\/p>\n<h3><strong>Flexibilidad total<\/strong><\/h3>\n<p><span style=\"font-weight: 400;\"> M\u00f3dulos en <strong>arriendo, leasing o venta<\/strong>, seg\u00fan el proyecto y la duraci\u00f3n.<\/span><\/p>\n<p>[\/et_pb_text][\/et_pb_column][\/et_pb_row][et_pb_row _builder_version=&#8221;4.26.0&#8243; _module_preset=&#8221;default&#8221; global_colors_info=&#8221;{}&#8221;][et_pb_column type=&#8221;4_4&#8243; _builder_version=&#8221;4.26.0&#8243; _module_preset=&#8221;default&#8221; global_colors_info=&#8221;{}&#8221;][et_pb_text _builder_version=&#8221;4.26.0&#8243; _module_preset=&#8221;default&#8221; global_colors_info=&#8221;{}&#8221;]<\/p>\n<blockquote>\n<h2 style=\"text-align: center;\"><em><span style=\"font-weight: 400;\">Llevar infraestructura de calidad donde se necesite, impulsando <strong>comunidades m\u00e1s saludables, inclusivas y con igualdad de oportunidades<\/strong>.<\/span><\/em><\/h2>\n<\/blockquote>\n<p>[\/et_pb_text][\/et_pb_column][\/et_pb_row][\/et_pb_section][et_pb_section fb_built=&#8221;1&#8243; prev_background_color=&#8221;#ffffff&#8221; _builder_version=&#8221;4.26.0&#8243; _module_preset=&#8221;default&#8221; background_color=&#8221;#264245&#8243; custom_padding=&#8221;113px||0px|||&#8221; top_divider_style=&#8221;mountains&#8221; global_colors_info=&#8221;{}&#8221;][et_pb_row _builder_version=&#8221;4.26.0&#8243; _module_preset=&#8221;default&#8221; global_colors_info=&#8221;{}&#8221;][et_pb_column type=&#8221;4_4&#8243; _builder_version=&#8221;4.26.0&#8243; _module_preset=&#8221;default&#8221; global_colors_info=&#8221;{}&#8221;][et_pb_image src=&#8221;https:\/\/nomadespace.cl\/wp-content\/uploads\/2025\/10\/iso-nomadespace_elementos.gif&#8221; title_text=&#8221;iso-nomadespace_elementos&#8221; align=&#8221;center&#8221; _builder_version=&#8221;4.26.0&#8243; _module_preset=&#8221;default&#8221; max_width=&#8221;20%&#8221; max_width_tablet=&#8221;15%&#8221; max_width_phone=&#8221;41%&#8221; max_width_last_edited=&#8221;on|phone&#8221; module_alignment=&#8221;center&#8221; custom_margin=&#8221;-185px|||||&#8221; global_colors_info=&#8221;{}&#8221;][\/et_pb_image][et_pb_text _builder_version=&#8221;4.26.0&#8243; _module_preset=&#8221;default&#8221; global_colors_info=&#8221;{}&#8221;]<\/p>\n<h1 style=\"text-align: center;\"><span style=\"color: #ffffff;\">\u00bfTienes alguna duda?<\/span><\/h1>\n<p>[\/et_pb_text][\/et_pb_column][\/et_pb_row][et_pb_row column_structure=&#8221;1_3,1_3,1_3&#8243; _builder_version=&#8221;4.26.0&#8243; _module_preset=&#8221;default&#8221; global_colors_info=&#8221;{}&#8221;][et_pb_column type=&#8221;1_3&#8243; _builder_version=&#8221;4.26.0&#8243; _module_preset=&#8221;default&#8221; global_colors_info=&#8221;{}&#8221;][et_pb_image src=&#8221;https:\/\/nomadespace.cl\/wp-content\/uploads\/2025\/10\/Artboard-9.png&#8221; title_text=&#8221;Artboard 9 copy&#8221; url=&#8221;https:\/\/wa.me\/56979769874&#8243; _builder_version=&#8221;4.26.0&#8243; _module_preset=&#8221;default&#8221; width=&#8221;90%&#8221; module_alignment=&#8221;center&#8221; global_colors_info=&#8221;{}&#8221; src__hover_enabled=&#8221;on|hover&#8221; src__hover=&#8221;https:\/\/nomadespace.cl\/wp-content\/uploads\/2025\/10\/Artboard-9-copy.png&#8221;][\/et_pb_image][\/et_pb_column][et_pb_column type=&#8221;1_3&#8243; _builder_version=&#8221;4.26.0&#8243; _module_preset=&#8221;default&#8221; global_colors_info=&#8221;{}&#8221;][et_pb_image src=&#8221;https:\/\/nomadespace.cl\/wp-content\/uploads\/2025\/10\/Artboard-11-1.png&#8221; title_text=&#8221;Artboard 11 copy&#8221; url=&#8221;https:\/\/wa.me\/56979769874&#8243; _builder_version=&#8221;4.26.0&#8243; _module_preset=&#8221;default&#8221; width=&#8221;90%&#8221; module_alignment=&#8221;center&#8221; global_colors_info=&#8221;{}&#8221; src__hover_enabled=&#8221;on|hover&#8221; src__hover=&#8221;https:\/\/nomadespace.cl\/wp-content\/uploads\/2025\/10\/Artboard-11-copy-1.png&#8221;][\/et_pb_image][\/et_pb_column][et_pb_column type=&#8221;1_3&#8243; _builder_version=&#8221;4.26.0&#8243; _module_preset=&#8221;default&#8221; global_colors_info=&#8221;{}&#8221;][et_pb_image src=&#8221;https:\/\/nomadespace.cl\/wp-content\/uploads\/2025\/10\/Artboard-1-copy-1.png&#8221; title_text=&#8221;Artboard 1 copy 9&#8243; url=&#8221;https:\/\/wa.me\/56979769874&#8243; _builder_version=&#8221;4.26.0&#8243; _module_preset=&#8221;default&#8221; width=&#8221;90%&#8221; module_alignment=&#8221;center&#8221; global_colors_info=&#8221;{}&#8221; src__hover_enabled=&#8221;on|hover&#8221; src__hover=&#8221;https:\/\/nomadespace.cl\/wp-content\/uploads\/2025\/10\/Artboard-1-copy-9-1.png&#8221;][\/et_pb_image][\/et_pb_column][\/et_pb_row][et_pb_row column_structure=&#8221;1_5,1_5,1_5,1_5,1_5&#8243; _builder_version=&#8221;4.26.0&#8243; _module_preset=&#8221;default&#8221; width=&#8221;40%&#8221; global_colors_info=&#8221;{}&#8221;][et_pb_column type=&#8221;1_5&#8243; _builder_version=&#8221;4.26.0&#8243; _module_preset=&#8221;default&#8221; global_colors_info=&#8221;{}&#8221;][\/et_pb_column][et_pb_column type=&#8221;1_5&#8243; _builder_version=&#8221;4.26.0&#8243; _module_preset=&#8221;default&#8221; global_colors_info=&#8221;{}&#8221;][et_pb_image src=&#8221;https:\/\/nomadespace.cl\/wp-content\/uploads\/2025\/10\/in.png&#8221; title_text=&#8221;in&#8221; align=&#8221;center&#8221; _builder_version=&#8221;4.26.0&#8243; _module_preset=&#8221;default&#8221; width=&#8221;50%&#8221; module_alignment=&#8221;center&#8221; global_colors_info=&#8221;{}&#8221;][\/et_pb_image][\/et_pb_column][et_pb_column type=&#8221;1_5&#8243; _builder_version=&#8221;4.26.0&#8243; _module_preset=&#8221;default&#8221; global_colors_info=&#8221;{}&#8221;][et_pb_image src=&#8221;https:\/\/nomadespace.cl\/wp-content\/uploads\/2025\/10\/ig.png&#8221; title_text=&#8221;ig&#8221; align=&#8221;center&#8221; _builder_version=&#8221;4.26.0&#8243; _module_preset=&#8221;default&#8221; width=&#8221;50%&#8221; module_alignment=&#8221;center&#8221; global_colors_info=&#8221;{}&#8221;][\/et_pb_image][\/et_pb_column][et_pb_column type=&#8221;1_5&#8243; _builder_version=&#8221;4.26.0&#8243; _module_preset=&#8221;default&#8221; global_colors_info=&#8221;{}&#8221;][et_pb_image src=&#8221;https:\/\/nomadespace.cl\/wp-content\/uploads\/2025\/10\/f.png&#8221; title_text=&#8221;f&#8221; align=&#8221;center&#8221; _builder_version=&#8221;4.26.0&#8243; _module_preset=&#8221;default&#8221; width=&#8221;50%&#8221; module_alignment=&#8221;center&#8221; global_colors_info=&#8221;{}&#8221;][\/et_pb_image][\/et_pb_column][et_pb_column type=&#8221;1_5&#8243; _builder_version=&#8221;4.26.0&#8243; _module_preset=&#8221;default&#8221; global_colors_info=&#8221;{}&#8221;][\/et_pb_column][\/et_pb_row][et_pb_row _builder_version=&#8221;4.26.0&#8243; _module_preset=&#8221;default&#8221; global_colors_info=&#8221;{}&#8221;][et_pb_column type=&#8221;4_4&#8243; _builder_version=&#8221;4.26.0&#8243; _module_preset=&#8221;default&#8221; global_colors_info=&#8221;{}&#8221;][et_pb_text _builder_version=&#8221;4.26.0&#8243; _module_preset=&#8221;default&#8221; custom_margin=&#8221;-17px||5px|||&#8221; custom_padding=&#8221;||0px|||&#8221; global_colors_info=&#8221;{}&#8221;]<\/p>\n<p style=\"text-align: center;\"><span style=\"font-size: medium; color: #ffffff;\">\u00a0\u260e Of central <b>+5697976 9874<\/b><span>| <\/span><\/span><span style=\"font-size: medium; color: #ff9900;\"><a href=\"https:\/\/maps.app.goo.gl\/APa1D1KKNRR98vLM6\" title=\"Ver en el mapa\" style=\"color: #ff9900;\">Avenida Laguna #3315 Padre Hurtado.<\/a><\/span><\/p>\n<p style=\"text-align: center;\">[\/et_pb_text][et_pb_text _builder_version=&#8221;4.26.0&#8243; _module_preset=&#8221;default&#8221; min_height=&#8221;30px&#8221; custom_padding=&#8221;0px||0px|||&#8221; hover_enabled=&#8221;0&#8243; global_colors_info=&#8221;{}&#8221; sticky_enabled=&#8221;0&#8243;]<\/p>\n<p style=\"text-align: center;\"><span><span style=\"color: #ffffff;\">\u00a92026 NomadeSpace. All rights reserved. Ensamblado modularmente por<\/span> <span style=\"color: #ff9900;\"><strong><a href=\"http:\/\/www.cruje.cl\/\" style=\"color: #ff9900;\">CR\u00daJE<\/a><\/strong><\/span><br \/><\/span><\/p>\n<p>[\/et_pb_text][\/et_pb_column][\/et_pb_row][\/et_pb_section]<\/p>\n","protected":false},"excerpt":{"rendered":"<p>M\u00f3dulos que transforman espaciosDise\u00f1amos, fabricamos e instalamos m\u00f3dulos vers\u00e1tiles \u2014como nuestros innovadores bunkers deportivos\u2014 para transformar espacios existentes en zonas de alto rendimiento, bienestar y desarrollo social. &#8220;Democratizamos el acceso a instalaciones de primer nivel, llevando la calidad y funcionalidad de la infraestructura profesional a cualquier lugar&#8221;.Aplicaciones destacadasNuestro modelo de trabajoIntegraci\u00f3n en instalaciones existentes \u00a0Llevamos [&hellip;]<\/p>\n","protected":false},"author":1,"featured_media":0,"parent":0,"menu_order":0,"comment_status":"closed","ping_status":"closed","template":"page-template-blank.php","meta":{"_et_pb_use_builder":"on","_et_pb_old_content":"","_et_gb_content_width":"","footnotes":""},"class_list":["post-44","page","type-page","status-publish","hentry"],"_links":{"self":[{"href":"https:\/\/nomadespace.cl\/index.php\/wp-json\/wp\/v2\/pages\/44","targetHints":{"allow":["GET"]}}],"collection":[{"href":"https:\/\/nomadespace.cl\/index.php\/wp-json\/wp\/v2\/pages"}],"about":[{"href":"https:\/\/nomadespace.cl\/index.php\/wp-json\/wp\/v2\/types\/page"}],"author":[{"embeddable":true,"href":"https:\/\/nomadespace.cl\/index.php\/wp-json\/wp\/v2\/users\/1"}],"replies":[{"embeddable":true,"href":"https:\/\/nomadespace.cl\/index.php\/wp-json\/wp\/v2\/comments?post=44"}],"version-history":[{"count":125,"href":"https:\/\/nomadespace.cl\/index.php\/wp-json\/wp\/v2\/pages\/44\/revisions"}],"predecessor-version":[{"id":488,"href":"https:\/\/nomadespace.cl\/index.php\/wp-json\/wp\/v2\/pages\/44\/revisions\/488"}],"wp:attachment":[{"href":"https:\/\/nomadespace.cl\/index.php\/wp-json\/wp\/v2\/media?parent=44"}],"curies":[{"name":"wp","href":"https:\/\/api.w.org\/{rel}","templated":true}]}}